{"id":2,"date":"2012-02-28T13:31:47","date_gmt":"2012-02-28T13:31:47","guid":{"rendered":"http:\/\/gelb-reisen.de\/?page_id=2"},"modified":"2021-12-09T12:40:20","modified_gmt":"2021-12-09T11:40:20","slug":"ueber-uns","status":"publish","type":"page","link":"https:\/\/gelb-reisen.de\/?page_id=2","title":{"rendered":"Information"},"content":{"rendered":"<p><strong>Die Busse:<\/strong><\/p>\n<p>Die Busse von <span style=\"color: #ffcc00;\"><strong>Gelb Reisen<\/strong><\/span>&nbsp;sind original US Schulbusse. Sie bieten mit 22 und 25 Sitzpl\u00e4tzen insgesamt&nbsp;f\u00fcr bis zu&nbsp;47 Personen Platz. Technisch wie optisch&nbsp;sind die Busse in einem einwandfreien und originalen Zustand. Noch vor wenigen Jahren sind mit den Schulbussen Kinder in den USA damit zur Schule gefahren.<\/p>\n<p>F\u00fcr&nbsp;besonderen Komfort sorgen die Klimatisierung sowie eine Hightech Video- und Soundanlage im Bus. Der K\u00fchlschrank an Bord h\u00e4lt f\u00fcr Sie gek\u00fchlte Getr\u00e4nke bereit.&nbsp;Auch Gehbehinderten ist der Einstieg&nbsp;problemlos m\u00f6glich, denn am&nbsp;Bus befindet sich ein&nbsp;Lift f\u00fcr Rollstuhlfahrer und Gehbehinderte. Im Bus werden die Rollst\u00fchle mit Dreipunktgurten gesichert.<\/p>\n<p><strong>Wof\u00fcr eignet sich der US Schoolbus?<\/strong><\/p>\n<p>Eine Fahrt&nbsp;im US Schulbus ist ein ganz besondere Erlebnis. Mit seinem Erscheinen zieht er alle Blicke auf sich. Allerorts begegnen einem freundliche Passanten, die den Bus und Fahrg\u00e4ste mit einem L\u00e4cheln gr\u00fc\u00dfen, winken und fotografieren. Die Fahrg\u00e4ste haben wegen des originalen Zustands ein authentisches, exklusives Fahrerlebnis.<\/p>\n<p><strong>Warum dann noch mit einem modernen Reisebus fahren? Ja warum? <\/strong><strong>Mit dem Schulbus von <\/strong><strong><span style=\"color: #ffcc00;\">Gelb Reisen<\/span> gibt es etwas zu erleben!<\/strong><\/p>\n<p>Wenn Sie mit G\u00e4sten und Gruppen&nbsp;mit bis zu 25 Personen (oder 47 mit zwei Bussen)&nbsp;reisen m\u00f6chten und zudem den G\u00e4sten etwas ganz Besonderes bieten m\u00f6chten, dann sind&nbsp;die US Schulbusse von&nbsp;<span style=\"color: #ffcc00;\"><strong>Gelb Reisen<\/strong><\/span> sicherlich die erste und richtige Wahl.<\/p>\n<p>Gute Einsatzm\u00f6glichkeiten sind Feiern wie Hochzeiten, Einschulungen, Geburtstage, Vereinsfeiern und Firmenevents. Als besonderen Service \u00fcbernehmen wir auch gerne<strong> individuelle Rundfahrten und Ausflugsfahrten<\/strong>! Gern sind wir Ihnen bei der Zusammenstellung der Programmpunkte behilflich.<\/p>\n<p>&nbsp;<\/p>\n","protected":false},"excerpt":{"rendered":"<p>Die Busse: Die Busse von Gelb Reisen&nbsp;sind original US Schulbusse. Sie bieten mit 22 und 25 Sitzpl\u00e4tzen insgesamt&nbsp;f\u00fcr bis zu&nbsp;47 Personen Platz. Technisch wie optisch&nbsp;sind die Busse in einem einwandfreien und originalen Zustand. Noch vor wenigen Jahren sind mit den&hellip; <\/p>\n","protected":false},"author":1,"featured_media":0,"parent":0,"menu_order":2,"comment_status":"closed","ping_status":"closed","template":"","meta":{"ngg_post_thumbnail":0},"_links":{"self":[{"href":"https:\/\/gelb-reisen.de\/index.php?rest_route=\/wp\/v2\/pages\/2"}],"collection":[{"href":"https:\/\/gelb-reisen.de\/index.php?rest_route=\/wp\/v2\/pages"}],"about":[{"href":"https:\/\/gelb-reisen.de\/index.php?rest_route=\/wp\/v2\/types\/page"}],"author":[{"embeddable":true,"href":"https:\/\/gelb-reisen.de\/index.php?rest_route=\/wp\/v2\/users\/1"}],"replies":[{"embeddable":true,"href":"https:\/\/gelb-reisen.de\/index.php?rest_route=%2Fwp%2Fv2%2Fcomments&post=2"}],"version-history":[{"count":3,"href":"https:\/\/gelb-reisen.de\/index.php?rest_route=\/wp\/v2\/pages\/2\/revisions"}],"predecessor-version":[{"id":351,"href":"https:\/\/gelb-reisen.de\/index.php?rest_route=\/wp\/v2\/pages\/2\/revisions\/351"}],"wp:attachment":[{"href":"https:\/\/gelb-reisen.de\/index.php?rest_route=%2Fwp%2Fv2%2Fmedia&parent=2"}],"curies":[{"name":"wp","href":"https:\/\/api.w.org\/{rel}","templated":true}]}}