{"id":290,"date":"2019-01-09T14:47:02","date_gmt":"2019-01-09T13:47:02","guid":{"rendered":"http:\/\/gelb-reisen.de\/?page_id=290"},"modified":"2019-01-09T15:56:24","modified_gmt":"2019-01-09T14:56:24","slug":"datenschutzerklaerung","status":"publish","type":"page","link":"https:\/\/gelb-reisen.de\/?page_id=290","title":{"rendered":"Datenschutzerkl\u00e4rung"},"content":{"rendered":"<div class=\"cm-templates-container content_wrapper\">\n<div class=\"main_wrapper\">\n<div class=\"table_wrapper\">\n<div class=\"table_cell table_color_right\">\n<div id=\"content_main\" class=\"design_content cm-container-large cm-container-xlarge\" data-cm-hintable=\"yes\">\n<p><span id=\"u24211-2\">Datenschutzhinweise<\/span><\/p>\n<p><span id=\"u24211-6\">1. Verantwortliche Stelle<\/span><\/p>\n<p><span id=\"u24211-8\">Die verantwortliche Stelle f\u00fcr die Datenerhebung, Datenverarbeitung und Datennutzung im Zusammenhang mit der Benutzung unseres Internetangebotes ist Gelb Reisen, Achim Werner, Friesstr. 33, 99423 Weimar&nbsp; Telefon: +49(0) 3643 25 14 6 18, Fax: +49 (0) 03643 219608.<br \/>\n<\/span><\/p>\n<p><span id=\"u24211-12\">2. Erhebung und Speicherung personenbezogener Daten sowie Art und Zweck von deren Verwendung<\/span><\/p>\n<p><span id=\"u24211-15\">a) Beim Besuch der Website<\/span><\/p>\n<p><span id=\"u24211-17\">Beim Aufrufen unserer Website www.gelb-reisen.de werden durch den auf Ihrem Endger\u00e4t zum Einsatz kommenden Browser automatisch Informationen an den Server unserer Website gesendet. Diese Informationen werden tempor\u00e4r in einem sog. Logfile gespeichert. folgende Informationen werden dabei ohne Ihr Zutun erfasst und bis zur automatisierten L\u00f6schung gespeichert:<\/span><\/p>\n<ul id=\"u24211-28\">\n<li id=\"u24211-19\">IP-Adresse des anfragenden Rechners,<\/li>\n<li id=\"u24211-21\">Datum und Uhrzeit des Zugriffs,<\/li>\n<li id=\"u24211-23\">Name und URL der abgerufenen Datei,<\/li>\n<li id=\"u24211-25\">Website, von der aus der Zugriff erfolgt (Referrer-URL),<\/li>\n<li id=\"u24211-27\">verwendeter Browser und ggf. das Betriebssystem Ihres Rechners sowie der Name Ihres Access-Providers.<\/li>\n<\/ul>\n<p><span id=\"u24211-31\">Die genannten Daten werden durch uns zu folgenden Zwecken verarbeitet:<\/span><\/p>\n<ul id=\"u24211-40\">\n<li id=\"u24211-33\">Gew\u00e4hrleistung eines reibungslosen Verbindungsaufbaus der Website,<\/li>\n<li id=\"u24211-35\">Gew\u00e4hrleistung einer komfortablen Nutzung unserer Website,<\/li>\n<li id=\"u24211-37\">Auswertung der Systemsicherheit und -stabilit\u00e4t sowie<\/li>\n<li id=\"u24211-39\">zu weiteren administrativen Zwecken.<\/li>\n<\/ul>\n<p><span id=\"u24211-43\">Die Rechtsgrundlage f\u00fcr die Datenverarbeitung ist Art. 6 Abs. l S. 1 lit. f DSGVO. Unser berechtigtes Interesse folgt aus oben aufgelisteten Zwecken zur Datenerhebung. In keinem Fall verwenden wir die erhobenen Daten zu dem Zweck, R\u00fcckschl\u00fcsse auf Ihre Person zu ziehen. Dar\u00fcber hinaus setzen wir beim Besuch unserer Website Cookies sowie Analysedienste ein. N\u00e4here<\/span> <span id=\"u24211-45\">Erl\u00e4uterungen dazu erhalten Sie unter den ZifI. 4 dieser Datenschutzerkl\u00e4rung.<\/span><\/p>\n<p><span id=\"u24211-49\">3. Weitergabe von Daten<\/span><\/p>\n<p><span id=\"u24211-51\">Eine \u00dcbermittlung Ihrer pers\u00f6nlichen Daten an Dritte zu anderen als den im Folgenden aufgef\u00fchrten Zwecken findet nicht statt.<\/span><\/p>\n<p><span id=\"u24211-54\">Wir geben Ihre pers\u00f6nlichen Daten nur an Dritte weiter, wenn:<\/span><\/p>\n<ul id=\"u24211-57\">\n<li id=\"u24211-56\">Sie Ihre nach Art. 6 Abs. 1 S. 1 lit. a DSGVO ausdr\u00fcckliche Einwilligung dazu erteilt haben, die Weitergabe nach Art. 6 Abs. 1 S. I lit. f DSGVO zur Geltendmachung, Aus\u00fcbung oder Verteidigung von Rechtsanspr\u00fcchen erforderlich ist und kein Grund zur Annahme besteht, dass Sie ein \u00fcberwiegendes schutzw\u00fcrdiges Interesse an der Nichtweitergabe Ihrer Daten haben, f\u00fcr den Fall, dass f\u00fcr die Weitergabe nach Art. 6 Abs. I S. 1 lit. c DSGVO eine gesetzliche<\/li>\n<\/ul>\n<ul id=\"u24211-64\">\n<li id=\"u24211-61\">Verpflichtung besteht, sowie dies gesetzlich zul\u00e4ssig und nach Art. 6 Abs. 1 S. l lit. b DSGVO f\u00fcr die Abwicklung von<\/li>\n<li id=\"u24211-63\">Vertragsverh\u00e4ltnissen mit Ihnen erforderlich ist.<\/li>\n<\/ul>\n<p><span id=\"u24211-68\">4. Cookies<\/span><\/p>\n<p><span id=\"u24211-70\">Wir setzen auf unserer Seite Cookies ein. Hierbei handelt es sich um kleine Dateien, die Ihr Browser automatisch erstellt und die auf Ihrem Endger\u00e4t (Laptop, Tablet, Smartphone o.\u00e4.) gespeichert werden, wenn Sie unsere Seite besuchen. Cookies richten auf lhrem Endger\u00e4t keinen Schaden an, enthalten keine Viren, Trojaner oder sonstige Schadsoftware.<\/span><\/p>\n<p><span id=\"u24211-73\">In dem Cookie werden Informationen abgelegt, die sich jeweils im Zusammenhang mit dem spezifisch eingesetzten Endger\u00e4t ergeben. Dies bedeutet jedoch nicht, dass wir dadurch unmittelbar Kenntnis von Ihrer Identit\u00e4t erhalten.<\/span><\/p>\n<p><span id=\"u24211-76\">Der Einsatz von Cookies dient einerseits dazu, die Nutzung unseres Angebots f\u00fcr Sie angenehmer zu gestalten. So setzen wir sogenannte Session-Cookies ein, um zu erkennen, dass Sie einzelne Seiten unserer Website bereits besucht haben. Diese werden nach Verlassen unserer Seite automatisch gel\u00f6scht.<\/span><\/p>\n<p><span id=\"u24211-79\">Dar\u00fcber hinaus setzen wir ebenfalls zur Optimierung der Benutzerfreundlichkeit tempor\u00e4re Cookies ein, die f\u00fcr einen bestimmten festgelegten Zeitraum auf Ihrem Endger\u00e4t gespeichert werden. Besuchen Sie unsere Seite erneut, um unsere Dienste in Anspruch zu nehmen, wird automatisch erkannt, dass Sie bereits bei uns waren und welche Eingaben und Einstellungen sie get\u00e4tigt haben, um diese nicht noch einmal eingeben zu m\u00fcssen.<\/span><\/p>\n<p><span id=\"u24211-82\">Zum anderen setzten wir Cookies ein, um die Nutzung unserer Website statistisch zu erfassen und zum Zwecke der Optimierung unseres Angebotes f\u00fcr Sie auszuwerten. Diese Cookies erm\u00f6glichen es uns, bei einem erneuten Besuch unserer Seite automatisch zu erkennen, dass Sie bereits bei uns waren. Diese Cookies werden nach einer jeweils definierten Zeit automatisch gel\u00f6scht.<\/span><\/p>\n<p><span id=\"u24211-85\">Die durch Cookies verarbeiteten Daten sind f\u00fcr die genannten Zwecke zur Wahrung unserer berechtigten Interessen sowie der Dritter nach Art. 6 Abs. 1 S. l lit. f DSGVO erforderlich.<\/span><\/p>\n<p><span id=\"u24211-88\">Die meisten Browser akzeptieren Cookies automatisch. Sie k\u00f6nnen Ihren Browser jedoch so konfigurieren, dass keine Cookies auf Ihrem Computer gespeichert werden oder stets ein Hinweis erscheint, bevor ein neuer Cookie angelegt wird. Die vollst\u00e4ndige Deaktivierung von Cookies kann jedoch dazu f\u00fchren, dass Sie nicht alle Funktionen unserer Website nutzen k\u00f6nnen.<\/span><\/p>\n<p><span id=\"u24211-92\">5. Betroftenenrechte<\/span><\/p>\n<p><span id=\"u24211-95\">Sie haben das Recht:<\/span><\/p>\n<p><span id=\"u24211-98\">\u2022 gem\u00e4\u00df Art. 15 DSGVO Auskunft \u00fcber Ihre von uns verarbeiteten personenbezogenen Daten zu verlangen. Insbesondere k\u00f6nnen Sie Auskunft \u00fcber die Verarbeitungszwecke, die Kategorie der personenbezogenen Daten, die Kategorien von Empf\u00e4ngern, gegen\u00fcber denen Ihre Daten offengelegt wurden oder werden, die geplante Speicherdauer, das Bestehen eines Rechts auf<\/span><\/p>\n<p><span id=\"u24211-100\">Berichtigung, L\u00f6schung, Einschr\u00e4nkung der Verarbeitung oder Widerspruch, das Bestehen eines Beschwerderechts, die Herkunft ihrer Daten, sofern diese nicht bei uns erhoben wurden, sowie \u00fcber das Bestehen einer automatisierten Entscheidungsfindung einschlie\u00dflich Profiling und ggf. aussagekr\u00e4ftigen Informationen zu deren Einzelheiten verlangen;<\/span><\/p>\n<ul id=\"u24211-104\">\n<li id=\"u24211-103\">gem\u00e4\u00df Art. 16 DSGVO unverz\u00fcglich die Berichtigung unrichtiger oder Vervollst\u00e4ndigung Ihrer bei uns gespeicherten personenbezogenen Daten zu verlangen;<\/li>\n<\/ul>\n<ul id=\"u24211-108\">\n<li id=\"u24211-107\">gem\u00e4\u00df Art. l 7 DSGVO die L\u00f6schung Ihrer bei uns gespeicherten personenbezogenen Daten zu verlangen, soweit nicht die Verarbeitung zur Aus\u00fcbung des Rechts auf freie Meinungs\u00e4u\u00dferung und Information, zur Erf\u00fcllung einer rechtlichen Verpflichtung, aus Gr\u00fcnden des \u00f6ffentlichen Interesses oder zur Geltendmachung, Aus\u00fcbung oder Verteidigung von Rechtsanspr\u00fcchen erforderlich ist;<\/li>\n<\/ul>\n<ul id=\"u24211-112\">\n<li id=\"u24211-111\">gem\u00e4\u00df Art. 18 DSGVO die Einschr\u00e4nkung der Verarbeitung Ihrer personenbezogenen Daten zu verlangen, soweit die Richtigkeit der Daten von Ihnen bestritten wird, die Verarbeitung unrechtm\u00e4\u00dfig ist, Sie aber deren L\u00f6schung ablehnen und wir die Daten nicht mehr ben\u00f6tigen, Sie jedoch diese zur Geltendmachung, Aus\u00fcbung oder Verteidigung von Rechtsanspr\u00fcchen ben\u00f6tigen oder Sie gem\u00e4\u00df Art. 21 DSGVO Widerspruch gegen die Verarbeitung eingelegt haben;<\/li>\n<\/ul>\n<ul id=\"u24211-116\">\n<li id=\"u24211-115\">gem\u00e4\u00df Art. 20 DSGVO Ihre personenbezogenen Daten, die Sie uns bereitgestellt haben, in einem strukturierten, g\u00e4ngigen und maschinenlesebaren Format zu erhalten oder die \u00dcbermittlung an einen anderen Verantwortlichen zu verlangen;<\/li>\n<\/ul>\n<ul id=\"u24211-120\">\n<li id=\"u24211-119\">gem\u00e4\u00df Art. 7 Abs. 3 DSGVO Ihre einmal erteilte Einwilligung jederzeit gegen\u00fcber uns zu widerrufen. Dies hat zur Folge, dass wir die Datenverarbeitung, die auf dieser Einwilligung beruhte, f\u00fcr die Zukunft nicht mehr fortf\u00fchren d\u00fcrfen und<\/li>\n<\/ul>\n<ul id=\"u24211-124\">\n<li id=\"u24211-123\">gem\u00e4\u00df Art. 77 DSGVO sich bei einer Aufsichtsbeh\u00f6rde zu beschweren. In der Regel k\u00f6nnen Sie sich hierf\u00fcr an die Aufsichtsbeh\u00f6rde Ihres \u00fcblichen Aufenthaltsortes oder Arbeitsplatzes oder unseres Kanzleisitzes wenden.<\/li>\n<\/ul>\n<p>&nbsp;<\/p>\n<p><span id=\"u24211-128\">6. Widerspruchsrecht<\/span><\/p>\n<p><span id=\"u24211-131\">Sofern Ihre personenbezogenen Daten auf Grundlage von berechtigten Interessen gem\u00e4\u00df Art. 6 Abs. I S. 1 lit. f DSGVO verarbeitet werden, haben Sie das Recht, gem\u00e4\u00df Art. 21 DSGVO Widerspruch gegen die Verarbeitung Ihrer personenbezogenen Daten einzulegen, soweit daf\u00fcr Gr\u00fcnde vorliegen, die sich aus Ihrer besonderen Situation ergeben oder sich der Widerspruch gegen Direktwerbung richtet. Im letzteren Fall haben Sie ein generelles Widerspruchsrecht, das ohne Angabe einer besonderen Situation von uns umgesetzt wird.<\/span><\/p>\n<p><span id=\"u24211-134\">M\u00f6chten Sie von Ihrem Widerrufs- oder Widerspruchsrecht Gebrauch machen, gen\u00fcgt eine E-Mail an: info@gelb-reisen.de.<\/span><\/p>\n<p><span id=\"u24211-138\">7. Aktualit\u00e4t und \u00c4nderung dieser Datenschutzerkl\u00e4rung<\/span><\/p>\n<p><span id=\"u24211-140\">Diese Datenschutzerkl\u00e4rung ist aktuell g\u00fcltig und hat den Stand Mai 2018. Durch die Weiterentwicklung unserer Website und Angebote dar\u00fcber oder aufgrund ge\u00e4nderter gesetzlicher beziehungsweise beh\u00f6rdlicher Vorgaben kann es notwendig werden, diese Datenschutzerkl\u00e4rung zu \u00e4ndern.<\/span><\/p>\n<\/div>\n<\/div>\n<\/div>\n<\/div>\n<\/div>\n","protected":false},"excerpt":{"rendered":"<p>Datenschutzhinweise 1. Verantwortliche Stelle Die verantwortliche Stelle f\u00fcr die Datenerhebung, Datenverarbeitung und Datennutzung im Zusammenhang mit der Benutzung unseres Internetangebotes ist Gelb Reisen, Achim Werner, Friesstr. 33, 99423 Weimar&nbsp; Telefon: +49(0) 3643 25 14 6 18, Fax: +49 (0) 03643&hellip; <\/p>\n","protected":false},"author":2,"featured_media":0,"parent":0,"menu_order":11,"comment_status":"closed","ping_status":"closed","template":"","meta":{"ngg_post_thumbnail":0},"_links":{"self":[{"href":"https:\/\/gelb-reisen.de\/index.php?rest_route=\/wp\/v2\/pages\/290"}],"collection":[{"href":"https:\/\/gelb-reisen.de\/index.php?rest_route=\/wp\/v2\/pages"}],"about":[{"href":"https:\/\/gelb-reisen.de\/index.php?rest_route=\/wp\/v2\/types\/page"}],"author":[{"embeddable":true,"href":"https:\/\/gelb-reisen.de\/index.php?rest_route=\/wp\/v2\/users\/2"}],"replies":[{"embeddable":true,"href":"https:\/\/gelb-reisen.de\/index.php?rest_route=%2Fwp%2Fv2%2Fcomments&post=290"}],"version-history":[{"count":2,"href":"https:\/\/gelb-reisen.de\/index.php?rest_route=\/wp\/v2\/pages\/290\/revisions"}],"predecessor-version":[{"id":296,"href":"https:\/\/gelb-reisen.de\/index.php?rest_route=\/wp\/v2\/pages\/290\/revisions\/296"}],"wp:attachment":[{"href":"https:\/\/gelb-reisen.de\/index.php?rest_route=%2Fwp%2Fv2%2Fmedia&parent=290"}],"curies":[{"name":"wp","href":"https:\/\/api.w.org\/{rel}","templated":true}]}}