{"id":86,"date":"2013-10-11T22:23:31","date_gmt":"2013-10-11T21:23:31","guid":{"rendered":"http:\/\/gelb-reisen.de\/?page_id=86"},"modified":"2023-01-14T14:06:15","modified_gmt":"2023-01-14T13:06:15","slug":"startseite","status":"publish","type":"page","link":"https:\/\/gelb-reisen.de\/","title":{"rendered":"Startseite"},"content":{"rendered":"<p><strong>Herzlich willkommen bei Gelb Reisen!<\/strong><\/p>\n<hr>\n<p><span style=\"color: #ffcc00;\"><strong>Gelb Reisen<\/strong><\/span> bietet Ihnen das ganz besondere Fahrerlebnis in Mitteldeutschland.<\/p>\n<p>Fahren Sie und Ihre G\u00e4ste in originalen US-Schulbussen. Unternehmen Sie eine individuelle Tagesfahrt oder nutzen Sie die Fahrt im Schoolbus f\u00fcr besondere Gelegenheiten.<\/p>\n<p>Es gibt viele Anl\u00e4sse: Hochzeiten, Einschulungen, Klassentreffen, Vereinsfeiern und Firmenevents, Promotion Touren vor allem aber&nbsp;auch individuelle Ausflugsfahrten&nbsp;oder Stadtrundfahrten.<\/p>\n<p>Sie haben weitere Ideen und W\u00fcnsche \u2013 fragen Sie einfach an!<\/p>\n<hr>\n<p><strong>update zur aktuellen Corona-Situation in Th\u00fcringen und Mitteldeutschland:&nbsp; <\/strong><\/p>\n<p>F\u00fcr Busfahrten gibt es <strong>in Mitteldeutschland keinerlei Einschr\u00e4nken<\/strong> mehr. Einschr\u00e4nkungen gelten nur noch f\u00fcr den \u00f6ffentlichen Verkehr in \u00d6PNV und Fernverkehr. Diese sollen ab Februar auch abgeschafft werden.<\/p>\n<p>&nbsp;<\/p>\n<p>&nbsp;<\/p>\n","protected":false},"excerpt":{"rendered":"<p>Herzlich willkommen bei Gelb Reisen! Gelb Reisen bietet Ihnen das ganz besondere Fahrerlebnis in Mitteldeutschland. Fahren Sie und Ihre G\u00e4ste in originalen US-Schulbussen. Unternehmen Sie eine individuelle Tagesfahrt oder nutzen Sie die Fahrt im Schoolbus f\u00fcr besondere Gelegenheiten. Es gibt&hellip; <\/p>\n","protected":false},"author":1,"featured_media":0,"parent":0,"menu_order":1,"comment_status":"closed","ping_status":"closed","template":"","meta":{"ngg_post_thumbnail":0},"_links":{"self":[{"href":"https:\/\/gelb-reisen.de\/index.php?rest_route=\/wp\/v2\/pages\/86"}],"collection":[{"href":"https:\/\/gelb-reisen.de\/index.php?rest_route=\/wp\/v2\/pages"}],"about":[{"href":"https:\/\/gelb-reisen.de\/index.php?rest_route=\/wp\/v2\/types\/page"}],"author":[{"embeddable":true,"href":"https:\/\/gelb-reisen.de\/index.php?rest_route=\/wp\/v2\/users\/1"}],"replies":[{"embeddable":true,"href":"https:\/\/gelb-reisen.de\/index.php?rest_route=%2Fwp%2Fv2%2Fcomments&post=86"}],"version-history":[{"count":1,"href":"https:\/\/gelb-reisen.de\/index.php?rest_route=\/wp\/v2\/pages\/86\/revisions"}],"predecessor-version":[{"id":361,"href":"https:\/\/gelb-reisen.de\/index.php?rest_route=\/wp\/v2\/pages\/86\/revisions\/361"}],"wp:attachment":[{"href":"https:\/\/gelb-reisen.de\/index.php?rest_route=%2Fwp%2Fv2%2Fmedia&parent=86"}],"curies":[{"name":"wp","href":"https:\/\/api.w.org\/{rel}","templated":true}]}}